{"id":317,"date":"2026-03-21T02:19:23","date_gmt":"2026-03-21T02:19:23","guid":{"rendered":"https:\/\/observatorioastronomicomargamarga.cl\/?page_id=317"},"modified":"2026-03-21T02:39:25","modified_gmt":"2026-03-21T02:39:25","slug":"visual-composer-317","status":"publish","type":"page","link":"https:\/\/observatorioastronomicomargamarga.cl\/index.php\/visual-composer-317\/","title":{"rendered":"Material Did\u00e1ctico"},"content":{"rendered":"<div class=\"vce-row-container\" data-vce-boxed-width=\"true\"><div class=\"vce-row vce-row--col-gap-30 vce-row-equal-height vce-row-content--top\" id=\"el-6d99c7d4\" data-vce-do-apply=\"all el-6d99c7d4\"><div class=\"vce-row-content\" data-vce-element-content=\"true\"><div class=\"vce-col vce-col--md-auto vce-col--xs-1 vce-col--xs-last vce-col--xs-first vce-col--sm-last vce-col--sm-first vce-col--md-last vce-col--lg-last vce-col--xl-last vce-col--md-first vce-col--lg-first vce-col--xl-first\" id=\"el-6fce1f91\"><div class=\"vce-col-inner\" data-vce-do-apply=\"border margin background  el-6fce1f91\"><div class=\"vce-col-content\" data-vce-element-content=\"true\" data-vce-do-apply=\"padding el-6fce1f91\"><div class=\"vce-row-container\" data-vce-boxed-width=\"true\"><div class=\"vce-row vce-row--col-gap-30 vce-row-equal-height vce-row-content--top\" id=\"el-0e8acb99\" data-vce-do-apply=\"all el-0e8acb99\"><div class=\"vce-content-background-container\"><\/div><div class=\"vce-row-content\" data-vce-element-content=\"true\"><div class=\"vce-col vce-col--md-auto vce-col--xs-1 vce-col--xs-last vce-col--xs-first vce-col--sm-last vce-col--sm-first vce-col--md-last vce-col--lg-last vce-col--xl-last vce-col--md-first vce-col--lg-first vce-col--xl-first\" id=\"el-021b5431\"><div class=\"vce-col-inner\" data-vce-do-apply=\"border margin background  el-021b5431\"><div class=\"vce-col-content\" data-vce-element-content=\"true\" data-vce-do-apply=\"padding el-021b5431\"><div class=\"vce-text-block\"><div class=\"vce-text-block-wrapper vce\" id=\"el-30ba9f64\" data-vce-do-apply=\"all el-30ba9f64\"><p style=\"text-align: center;\"><span style=\"color: #ffffff; font-family: Amiko; letter-spacing: inherit;\"><strong>CORPORACI\u00d3N OBSERVATORIO ASTRON\u00d3MICO PE\u00d1A BLANCA<\/strong><\/span><\/p><\/div><\/div><div class=\"vce-shortcode\"><div class=\"vce-shortcode-wrapper vce\" id=\"el-7e074c35\" data-vce-do-apply=\"all el-7e074c35\"><div id=\"metaslider-id-50\" style=\"max-width: 1935px; margin: 0 auto;\" class=\"ml-slider-3-108-0 metaslider metaslider-flex metaslider-50 ml-slider ms-theme-default-base nav-hidden\" role=\"region\" aria-label=\"Nueva presentaci\u00f3n de diapositivas\" data-height=\"750\" data-width=\"1935\">\n    <div id=\"metaslider_container_50\">\n        <div id=\"metaslider_50\">\n            <ul aria-live='off' class='slides'>\n                <li style=\"display: block; width: 100%;\" class=\"slide-52 ms-image \" aria-roledescription=\"slide\" data-date=\"2026-03-19 19:29:23\" data-filename=\"explora_baner_corporacion-astronomia-1500x581.png\" data-slide-type=\"image\"><img src=\"https:\/\/observatorioastronomicomargamarga.cl\/wp-content\/uploads\/2026\/03\/explora_baner_corporacion-astronomia-1500x581.png\" height=\"750\" width=\"1935\" alt=\"\" class=\"slider-50 slide-52 msDefaultImage\" title=\"explora_baner_corporacion astronomia\" \/><\/li>\n                <li style=\"display: none; width: 100%;\" class=\"slide-54 ms-image \" aria-roledescription=\"slide\" data-date=\"2026-03-19 19:29:23\" data-filename=\"imagina_baner_corporacion-astronomia-e1773949989500-1500x581.png\" data-slide-type=\"image\"><img src=\"https:\/\/observatorioastronomicomargamarga.cl\/wp-content\/uploads\/2026\/03\/imagina_baner_corporacion-astronomia-e1773949989500-1500x581.png\" height=\"750\" width=\"1935\" alt=\"\" class=\"slider-50 slide-54 msDefaultImage\" title=\"imagina_baner_corporacion astronomia\" \/><\/li>\n                <li style=\"display: none; width: 100%;\" class=\"slide-53 ms-image \" aria-roledescription=\"slide\" data-date=\"2026-03-19 19:29:23\" data-filename=\"conecta_baner_corporacion-astronomia-1500x581.png\" data-slide-type=\"image\"><img src=\"https:\/\/observatorioastronomicomargamarga.cl\/wp-content\/uploads\/2026\/03\/conecta_baner_corporacion-astronomia-1500x581.png\" height=\"750\" width=\"1935\" alt=\"\" class=\"slider-50 slide-53 msDefaultImage\" title=\"conecta_baner_corporacion astronomia\" \/><\/li>\n                <li style=\"display: none; width: 100%;\" class=\"slide-55 ms-image \" aria-roledescription=\"slide\" data-date=\"2026-03-19 19:29:23\" data-filename=\"baner_corporacion-astronomia_1-1503x582.png\" data-slide-type=\"image\"><img src=\"https:\/\/observatorioastronomicomargamarga.cl\/wp-content\/uploads\/2026\/03\/baner_corporacion-astronomia_1-1503x582.png\" height=\"750\" width=\"1935\" alt=\"\" class=\"slider-50 slide-55 msDefaultImage\" title=\"baner_corporacion astronomia_1\" \/><\/li>\n            <\/ul>\n        <\/div>\n        \n    <\/div>\n<\/div><\/div><\/div><\/div><\/div><\/div><\/div><\/div><\/div><\/div><\/div><\/div><\/div><\/div><\/div><div class=\"vce-row-container\" data-vce-boxed-width=\"true\"><div class=\"vce-row vce-row--col-gap-30 vce-row-equal-height vce-row-content--top\" id=\"el-e7a6a476\" data-vce-do-apply=\"all el-e7a6a476\"><div class=\"vce-row-content\" data-vce-element-content=\"true\"><div class=\"vce-col vce-col--md-auto vce-col--xs-1 vce-col--xs-last vce-col--xs-first vce-col--sm-last vce-col--sm-first vce-col--md-last vce-col--lg-last vce-col--xl-last vce-col--md-first vce-col--lg-first vce-col--xl-first\" id=\"el-b9f0d902\"><div class=\"vce-col-inner\" data-vce-do-apply=\"border margin background  el-b9f0d902\"><div class=\"vce-col-content\" data-vce-element-content=\"true\" data-vce-do-apply=\"padding el-b9f0d902\"><div class=\"vce-row-container\" data-vce-boxed-width=\"true\"><div class=\"vce-row vce-row--col-gap-30 vce-row-equal-height vce-row-content--top\" id=\"el-e4727d20\" data-vce-do-apply=\"all el-e4727d20\"><div class=\"vce-row-content\" data-vce-element-content=\"true\"><div class=\"vce-col vce-col--md-auto vce-col--xs-1 vce-col--xs-last vce-col--xs-first vce-col--sm-last vce-col--sm-first vce-col--md-last vce-col--lg-last vce-col--xl-last vce-col--md-first vce-col--lg-first vce-col--xl-first\" id=\"el-ed6f3b52\"><div class=\"vce-col-inner\" data-vce-do-apply=\"border margin background  el-ed6f3b52\"><div class=\"vce-col-content\" data-vce-element-content=\"true\" data-vce-do-apply=\"padding el-ed6f3b52\"><div class=\"vce-widgets-container\"><div class=\"vce vce-widgets-wrapper\" id=\"el-0b55622f\" data-vce-do-apply=\"all el-0b55622f\"><div id=\"mega-menu-wrap-max_mega_menu_1\" class=\"mega-menu-wrap\"><div class=\"mega-menu-toggle\"><div class=\"mega-toggle-blocks-left\"><\/div><div class=\"mega-toggle-blocks-center\"><\/div><div class=\"mega-toggle-blocks-right\"><div class='mega-toggle-block mega-menu-toggle-animated-block mega-toggle-block-0' id='mega-toggle-block-0'><button aria-label=\"Toggle Menu\" class=\"mega-toggle-animated mega-toggle-animated-slider\" type=\"button\" aria-haspopup=\"true\" aria-expanded=\"false\" aria-controls=\"mega-menu-max_mega_menu_1\">\n                  <span class=\"mega-toggle-animated-box\">\n                    <span class=\"mega-toggle-animated-inner\"><\/span>\n                  <\/span>\n                <\/button><\/div><\/div><\/div><ul id=\"mega-menu-max_mega_menu_1\" class=\"mega-menu max-mega-menu mega-menu-horizontal mega-no-js\" data-event=\"hover_intent\" data-effect=\"fade_up\" data-effect-speed=\"200\" data-effect-mobile=\"slide_right\" data-effect-speed-mobile=\"200\" data-mobile-force-width=\"false\" data-second-click=\"go\" data-document-click=\"collapse\" data-vertical-behaviour=\"standard\" data-breakpoint=\"768\" data-unbind=\"true\" data-mobile-state=\"collapse_all\" data-mobile-direction=\"vertical\" data-hover-intent-timeout=\"300\" data-hover-intent-interval=\"100\"><li class=\"mega-menu-item mega-menu-item-type-post_type mega-menu-item-object-page mega-menu-item-home mega-align-bottom-left mega-menu-flyout mega-menu-item-310\" id=\"mega-menu-item-310\"><a class=\"mega-menu-link\" href=\"https:\/\/observatorioastronomicomargamarga.cl\/\">inicio<\/a><\/li><li class=\"mega-menu-item mega-menu-item-type-post_type mega-menu-item-object-page mega-align-bottom-left mega-menu-flyout mega-menu-item-322\" id=\"mega-menu-item-322\"><a class=\"mega-menu-link\" href=\"https:\/\/observatorioastronomicomargamarga.cl\/index.php\/visual-composer-235\/\">Astrocuriocidades<\/a><\/li><li class=\"mega-menu-item mega-menu-item-type-post_type mega-menu-item-object-page mega-align-bottom-left mega-menu-flyout mega-menu-item-408\" id=\"mega-menu-item-408\"><a class=\"mega-menu-link\" href=\"https:\/\/observatorioastronomicomargamarga.cl\/index.php\/ilahuelladelastronomia\/\">La Huella de la Astronom\u00eda<\/a><\/li><li class=\"mega-menu-item mega-menu-item-type-post_type mega-menu-item-object-page mega-align-bottom-left mega-menu-flyout mega-menu-item-347\" id=\"mega-menu-item-347\"><a class=\"mega-menu-link\" href=\"https:\/\/observatorioastronomicomargamarga.cl\/index.php\/visual-composer-324\/\">Novedades<\/a><\/li><li class=\"mega-menu-item mega-menu-item-type-post_type mega-menu-item-object-page mega-menu-item-has-children mega-align-bottom-left mega-menu-flyout mega-menu-item-320\" id=\"mega-menu-item-320\"><a class=\"mega-menu-link\" href=\"https:\/\/observatorioastronomicomargamarga.cl\/index.php\/visual-composer-317\/\" aria-expanded=\"false\" aria-controls=\"mega-sub-menu-320\">Material Did\u00e1ctico<span class=\"mega-indicator\" aria-hidden=\"true\"><\/span><\/a>\n<ul class=\"mega-sub-menu\" id='mega-sub-menu-320'>\n<li class=\"mega-menu-item mega-menu-item-type-post_type mega-menu-item-object-page mega-menu-item-362\" id=\"mega-menu-item-362\"><a class=\"mega-menu-link\" href=\"https:\/\/observatorioastronomicomargamarga.cl\/index.php\/nanquiysusamigos\/\">\u00d1anqui y sus amigos<\/a><\/li><li class=\"mega-menu-item mega-menu-item-type-post_type mega-menu-item-object-page mega-menu-item-has-children mega-menu-item-336\" id=\"mega-menu-item-336\"><a class=\"mega-menu-link\" href=\"https:\/\/observatorioastronomicomargamarga.cl\/index.php\/visual-composer-333\/\" aria-expanded=\"false\" aria-controls=\"mega-sub-menu-336\">Juega y aprende<span class=\"mega-indicator\" aria-hidden=\"true\"><\/span><\/a>\n\t<ul class=\"mega-sub-menu\" id='mega-sub-menu-336'>\n<li class=\"mega-menu-item mega-menu-item-type-post_type mega-menu-item-object-page mega-menu-item-345\" id=\"mega-menu-item-345\"><a class=\"mega-menu-link\" href=\"https:\/\/observatorioastronomicomargamarga.cl\/index.php\/visual-composer-340\/\">Sistema Solar<\/a><\/li>\t<\/ul>\n<\/li><\/ul>\n<\/li><\/ul><button aria-controls=\"mega-menu-max_mega_menu_1\" aria-label=\"Close\" class='mega-close'><\/button><\/div><\/div><\/div><div class=\"vce vce-separator-container vce-separator--align-center vce-separator--style-solid\" id=\"el-08832a64\" data-vce-do-apply=\"margin el-08832a64\"><div class=\"vce-separator vce-separator--color-b-210-109-118 vce-separator--width-100 vce-separator--thickness-2\" data-vce-do-apply=\"border padding background  el-08832a64\"><\/div><\/div><\/div><\/div><\/div><\/div><\/div><\/div><\/div><\/div><\/div><\/div><\/div><\/div><div class=\"vce-row-container\" data-vce-boxed-width=\"true\"><div class=\"vce-row vce-row--col-gap-30 vce-row-equal-height vce-row-content--top\" id=\"el-336aad21\" data-vce-do-apply=\"all el-336aad21\"><div class=\"vce-row-content\" data-vce-element-content=\"true\"><div class=\"vce-col vce-col--md-auto vce-col--xs-1 vce-col--xs-last vce-col--xs-first vce-col--sm-last vce-col--sm-first vce-col--md-last vce-col--lg-last vce-col--xl-last vce-col--md-first vce-col--lg-first vce-col--xl-first\" id=\"el-3087a1a5\"><div class=\"vce-col-inner\" data-vce-do-apply=\"border margin background  el-3087a1a5\"><div class=\"vce-col-content\" data-vce-element-content=\"true\" data-vce-do-apply=\"padding el-3087a1a5\"><div class=\"vce-shortcode\"><div class=\"vce-shortcode-wrapper vce\" id=\"el-50f9c402\" data-vce-do-apply=\"all el-50f9c402\"><style type='text\/css' media='all'>#rt-tpg-container-1011224197 .rt-holder .rt-woo-info .price{color:#0367bf;}body .rt-tpg-container .rt-tpg-isotope-buttons .selected,\n\t\t\t\t\t#rt-tpg-container-1011224197 .layout12 .rt-holder:hover .rt-detail,\n\t\t\t\t\t#rt-tpg-container-1011224197 .isotope8 .rt-holder:hover .rt-detail,\n\t\t\t\t\t#rt-tpg-container-1011224197 .carousel8 .rt-holder:hover .rt-detail,\n\t\t\t\t\t#rt-tpg-container-1011224197 .layout13 .rt-holder .overlay .post-info,\n\t\t\t\t\t#rt-tpg-container-1011224197 .isotope9 .rt-holder .overlay .post-info,\n\t\t\t\t\t#rt-tpg-container-1011224197.rt-tpg-container .layout4 .rt-holder .rt-detail,\n\t\t\t\t\t.rt-modal-1011224197 .md-content,\n\t\t\t\t\t.rt-modal-1011224197 .md-content > .rt-md-content-holder .rt-md-content,\n\t\t\t\t\t.rt-popup-wrap-1011224197.rt-popup-wrap .rt-popup-navigation-wrap,\n\t\t\t\t\t#rt-tpg-container-1011224197 .carousel9 .rt-holder .overlay .post-info{background-color:#0367bf;}#rt-tpg-container-1011224197 .layout5 .rt-holder .overlay, #rt-tpg-container-1011224197 .isotope2 .rt-holder .overlay, #rt-tpg-container-1011224197 .carousel2 .rt-holder .overlay,#rt-tpg-container-1011224197 .layout15 .rt-holder h3, #rt-tpg-container-1011224197 .isotope11 .rt-holder h3, #rt-tpg-container-1011224197 .carousel11 .rt-holder h3, #rt-tpg-container-1011224197 .layout16 .rt-holder h3,\n\t\t\t\t\t#rt-tpg-container-1011224197 .isotope12 .rt-holder h3, #rt-tpg-container-1011224197 .carousel12 .rt-holder h3 {background-color:rgba(3,103,191,0.8);}#rt-tpg-container-1011224197 .read-more a{border-radius:px;}#rt-tpg-container-1011224197 .rt-img-holder img.rt-img-responsive,#rt-tpg-container-1011224197 .rt-img-holder,\n\t\t\t\t\t#rt-tpg-container-1011224197 .rt-post-overlay .post-img,\n\t\t\t\t\t#rt-tpg-container-1011224197 .post-sm .post-img,\n\t\t\t\t\t#rt-tpg-container-1011224197 .rt-post-grid .post-img,\n\t\t\t\t\t#rt-tpg-container-1011224197 .post-img img {border-radius:px;}<\/style><div class='rt-container-fluid rt-tpg-container tpg-shortcode-main-wrapper ' id='rt-tpg-container-1011224197'   data-layout='layout1' data-grid-style='even' data-desktop-col='3'  data-tab-col='2'  data-mobile-col='1' data-sc-id='331'><div data-title='Cargando...' class='rt-row rt-content-loader   layout1 tpg-even '><div class=\"rt-col-md-4 rt-col-sm-6 rt-col-xs-12 even-grid-item rt-grid-item\" data-id=\"205\"><div class=\"rt-holder\"><div class=\"rt-img-holder\"><a data-id=\"205\" class=\"\" href=\"https:\/\/observatorioastronomicomargamarga.cl\/index.php\/2025\/09\/14\/luna-2-el-primer-objeto-humano-en-llegar-a-la-luna\/\"><img width=\"1536\" height=\"1024\" src=\"https:\/\/observatorioastronomicomargamarga.cl\/wp-content\/uploads\/2026\/03\/5-Luna-2_-Rumores-del-Espacio.png\" class=\"rt-img-responsive \" alt=\"\" \/><\/a><\/div><div class='rt-detail'><h3 class=\"entry-title\"><a data-id=\"205\" class=\"\" href=\"https:\/\/observatorioastronomicomargamarga.cl\/index.php\/2025\/09\/14\/luna-2-el-primer-objeto-humano-en-llegar-a-la-luna\/\">Luna 2: el primer objeto humano en llegar a la Luna<\/a><\/h3><div class='tpg-excerpt'>\ud83d\ude80\ud83c\udf15 El 14 d septiembre de 1959, la sonda sovi\u00e9tica Luna 2 se convirti\u00f3 en...<\/div><div class='post-meta '><span class='read-more'><a data-id='205' class='' href='https:\/\/observatorioastronomicomargamarga.cl\/index.php\/2025\/09\/14\/luna-2-el-primer-objeto-humano-en-llegar-a-la-luna\/'>Leer m\u00e1s<\/a><\/span><\/div><\/div><\/div><\/div><div class=\"rt-col-md-4 rt-col-sm-6 rt-col-xs-12 even-grid-item rt-grid-item\" data-id=\"202\"><div class=\"rt-holder\"><div class=\"rt-img-holder\"><a data-id=\"202\" class=\"\" href=\"https:\/\/observatorioastronomicomargamarga.cl\/index.php\/2025\/09\/07\/eclipse-lunar-total-del-7-de-septiembre-de-2025-la-luna-se-tine-de-rojo\/\"><img width=\"1536\" height=\"1024\" src=\"https:\/\/observatorioastronomicomargamarga.cl\/wp-content\/uploads\/2026\/03\/4-Eclipse-Lunar-Total-en-la-Noche.png\" class=\"rt-img-responsive \" alt=\"\" \/><\/a><\/div><div class='rt-detail'><h3 class=\"entry-title\"><a data-id=\"202\" class=\"\" href=\"https:\/\/observatorioastronomicomargamarga.cl\/index.php\/2025\/09\/07\/eclipse-lunar-total-del-7-de-septiembre-de-2025-la-luna-se-tine-de-rojo\/\">Eclipse Lunar Total del 7 de septiembre de 2025: la Luna se ti\u00f1e de rojo<\/a><\/h3><div class='tpg-excerpt'>\ud83c\udf15\ud83d\udd34 \u00a1Prep\u00e1rate para una Luna de sangre!\nLa noche del 7-8 de septiembre de 2025, la...<\/div><div class='post-meta '><span class='read-more'><a data-id='202' class='' href='https:\/\/observatorioastronomicomargamarga.cl\/index.php\/2025\/09\/07\/eclipse-lunar-total-del-7-de-septiembre-de-2025-la-luna-se-tine-de-rojo\/'>Leer m\u00e1s<\/a><\/span><\/div><\/div><\/div><\/div><\/div><\/div><\/div><\/div><\/div><\/div><\/div><\/div><\/div><\/div>\n","protected":false},"excerpt":{"rendered":"<p>CORPORACI\u00d3N OBSERVATORIO ASTRON\u00d3MICO PE\u00d1A BLANCA<\/p>\n","protected":false},"author":1,"featured_media":0,"parent":0,"menu_order":0,"comment_status":"closed","ping_status":"closed","template":"","meta":{"footnotes":""},"class_list":["post-317","page","type-page","status-publish","hentry"],"rttpg_featured_image_url":null,"rttpg_author":{"display_name":"admin","author_link":"https:\/\/observatorioastronomicomargamarga.cl\/index.php\/author\/admin_corpo\/"},"rttpg_comment":0,"rttpg_category":"","rttpg_excerpt":"CORPORACI\u00d3N OBSERVATORIO ASTRON\u00d3MICO PE\u00d1A BLANCA","_links":{"self":[{"href":"https:\/\/observatorioastronomicomargamarga.cl\/index.php\/wp-json\/wp\/v2\/pages\/317","targetHints":{"allow":["GET"]}}],"collection":[{"href":"https:\/\/observatorioastronomicomargamarga.cl\/index.php\/wp-json\/wp\/v2\/pages"}],"about":[{"href":"https:\/\/observatorioastronomicomargamarga.cl\/index.php\/wp-json\/wp\/v2\/types\/page"}],"author":[{"embeddable":true,"href":"https:\/\/observatorioastronomicomargamarga.cl\/index.php\/wp-json\/wp\/v2\/users\/1"}],"replies":[{"embeddable":true,"href":"https:\/\/observatorioastronomicomargamarga.cl\/index.php\/wp-json\/wp\/v2\/comments?post=317"}],"version-history":[{"count":3,"href":"https:\/\/observatorioastronomicomargamarga.cl\/index.php\/wp-json\/wp\/v2\/pages\/317\/revisions"}],"predecessor-version":[{"id":332,"href":"https:\/\/observatorioastronomicomargamarga.cl\/index.php\/wp-json\/wp\/v2\/pages\/317\/revisions\/332"}],"wp:attachment":[{"href":"https:\/\/observatorioastronomicomargamarga.cl\/index.php\/wp-json\/wp\/v2\/media?parent=317"}],"curies":[{"name":"wp","href":"https:\/\/api.w.org\/{rel}","templated":true}]}}